{"id":311,"date":"2021-03-20T17:16:38","date_gmt":"2021-03-20T16:16:38","guid":{"rendered":"https:\/\/szemredialapitvany.hu\/nyitolap\/"},"modified":"2022-11-25T09:22:44","modified_gmt":"2022-11-25T08:22:44","slug":"home","status":"publish","type":"page","link":"https:\/\/szemredialapitvany.hu\/en\/","title":{"rendered":"Home"},"content":{"rendered":"<div id=\"pl-311\"  class=\"panel-layout\" ><div id=\"pg-311-0\"  class=\"panel-grid panel-has-style\" ><div class=\"panel-row-style panel-row-style-for-311-0\" ><div id=\"pgc-311-0-0\"  class=\"panel-grid-cell\" ><div id=\"panel-311-0-0-0\" class=\"so-panel widget widget_ndm-founders panel-first-child panel-last-child\" data-index=\"0\" ><div\n\t\t\t\n\t\t\tclass=\"so-widget-ndm-founders so-widget-ndm-founders-default-d75171398898-311\"\n\t\t\t\n\t\t><div class=\"ndm-founders\">\n\t<div class=\"row\">\n\t\t<div class=\"col-12\">\n\t\t\t<h2 class=\"ndm-big-title text-center mb-2 mb-lg-5\">Our Founders<\/h2>\t\t<\/div>\n\t<\/div>\n\n\t<div class=\"row align-items-center\">\n\t\t<div class=\"col-6 col-xl-3 offset-xl-1 offset-md-0 text-end text-xl-start\">\n\t\t\t<img src=\"https:\/\/szemredialapitvany.hu\/wp-content\/uploads\/2022\/08\/szemredi-gabriella.jpg\" alt=\"Gabriella Szemr\u00e9di\">\t\t<\/div>\n\n\t\t<div class=\"col-xl-4 text-center order-3 order-xl-2 mt-4 mt-xl-0\">\n\t\t\t<div id=\"pgc-w63087be737a5c-0-1\" class=\"panel-grid-cell\">\n<div id=\"panel-w63087be737a5c-0-1-0\" class=\"so-panel widget widget_sow-editor panel-first-child\" data-index=\"1\">\n<div class=\"text-center panel-widget-style panel-widget-style-for-w63087be737a5c-0-1-0\">\n<div class=\"so-widget-sow-editor so-widget-sow-editor-base\">\n<div class=\"siteorigin-widget-tinymce textwidget\">\n<p>Gabriella \u00e9s Zolt\u00e1n Szemr\u00e9di approached Pannonhalma Archabbey with the idea of creating a foundation that would help talented and hardworking students living in difficult financial circumstances. After its establishment, the Szemr\u00e9di Charitable Foundation has already provided aid to many students. In recent years, the founders have regularly provided support to the foundation from their own assets. With their very significant donation in 2021, the organization's activities have been placed on a foundation that, even in the thousand twenty-six-year history of Pannonhalma, can ensure in the long run that the Archabbey school can always remain an intellectual workshop for talented students also from poorer backgrounds.<\/p>\n<\/div>\n<\/div>\n<\/div>\n<\/div>\n<\/div>\n<a href=\"https:\/\/szemredialapitvany.hu\/en\/our-founders\/\" class=\"btn btn-primary\">Read More<\/a>\t\t<\/div>\n\n\t\t<div class=\"col-6 col-xl-3 order-2 order-xl-2\">\n\t\t\t<img src=\"https:\/\/szemredialapitvany.hu\/wp-content\/uploads\/2022\/08\/dr-szemredi-zoltan.jpg\" alt=\"Zolt\u00e1n dr. Szemr\u00e9di\">\t\t<\/div>\n\t<\/div>\n<\/div><\/div><\/div><\/div><\/div><\/div><div id=\"pg-311-1\"  class=\"panel-grid panel-has-style\" ><div class=\"siteorigin-panels-stretch panel-row-style panel-row-style-for-311-1\" data-stretch-type=\"full-stretched\" ><div id=\"pgc-311-1-0\"  class=\"panel-grid-cell\" ><div id=\"panel-311-1-0-0\" class=\"so-panel widget widget_ndm-image-content panel-first-child panel-last-child\" data-index=\"1\" ><div\n\t\t\t\n\t\t\tclass=\"so-widget-ndm-image-content so-widget-ndm-image-content-default-d75171398898-311\"\n\t\t\t\n\t\t>\t\t\t<div class=\"ndm-img-text-block w-100\">\n\t\t\t\t<div class=\"row g-0\">\n\t\t\t\t\t<div class=\"ndm-img-text-block__desc col-lg-6 d-flex justify-content-center align-items-center\" style=\"background-color: #644D52;\">\n\t\t\t\t\t\t<div class=\"ndm-img-text-block__desc-inner\">\n\t\t\t\t\t\t\t<h2 class=\"ndm-big-title text-white mb-2 mb-lg-5\">\n\t\t\t\t\t\t\t\tGrant Eligibility\t\t\t\t\t\t\t<\/h2>\n\t\t\t\t\t\t\t<p>Students eligible for financial aid scholarship are identified by the faculty. Students, along with their parents, complete the application for financial aid and file it with the Board. The Board decides the amount of each scholarship, as well as the number of students who will be receiving them. The amount of assistance is determined by the distributable funds account balance.<\/p>\n<a href=\"https:\/\/szemredialapitvany.hu\/en\/grant-eligibility\/\" class=\"btn btn-primary\">Read More<\/a>\t\t\t\t\t\t<\/div>\n\t\t\t\t\t<\/div>\n\t\t\t\t\t<div class=\"ndm-img-text-block__img col-lg-6\">\n\t\t\t\t\t\t<img src=\"\" alt=\"Szemer\u00e9di Alap\u00edtv\u00e1ny\">\t\t\t\t\t<\/div>\n\t\t\t\t<\/div>\n\t\t\t<\/div>\n\t\t<\/div><\/div><\/div><\/div><\/div><div id=\"pg-311-2\"  class=\"panel-grid panel-has-style\" ><div class=\"siteorigin-panels-stretch panel-row-style panel-row-style-for-311-2\" data-stretch-type=\"full\" ><div id=\"pgc-311-2-0\"  class=\"panel-grid-cell\" ><div id=\"panel-311-2-0-0\" class=\"so-panel widget widget_ndm-image panel-first-child panel-last-child\" data-index=\"2\" ><div class=\"mb-3 mb-lg-0 panel-widget-style panel-widget-style-for-311-2-0-0\" ><div\n\t\t\t\n\t\t\tclass=\"so-widget-ndm-image so-widget-ndm-image-default-d75171398898-311\"\n\t\t\t\n\t\t><div class=\"ndm-image ndm-image--fancy mb-0\"><img src=\"\" alt=\"Szemr\u00e9di Charitable Foundation\"><\/div><\/div><\/div><\/div><\/div><div id=\"pgc-311-2-1\"  class=\"panel-grid-cell\" ><div id=\"panel-311-2-1-0\" class=\"so-panel widget widget_ndm-title panel-first-child\" data-index=\"3\" ><div\n\t\t\t\n\t\t\tclass=\"so-widget-ndm-title so-widget-ndm-title-default-d75171398898-311\"\n\t\t\t\n\t\t><h2 class=\"ndm-big-title col-12 text-left mb-2 mb-lg-5\">Board<\/h2><\/div><\/div><div id=\"panel-311-2-1-1\" class=\"so-panel widget widget_sow-editor\" data-index=\"4\" ><div\n\t\t\t\n\t\t\tclass=\"so-widget-sow-editor so-widget-sow-editor-base\"\n\t\t\t\n\t\t>\n<div class=\"siteorigin-widget-tinymce textwidget\">\n\t<p>A six-member Board of Directors manages the foundation. As an additional oversight, a three-member Auditing Board scrutinizes all of the foundation\u2019s financial activities. All board members are professionals in various fields, such as law, medicine, education and financial management. Many are alumni of the school.<\/p>\n<\/div>\n<\/div><\/div><div id=\"panel-311-2-1-2\" class=\"so-panel widget widget_ndm-btn panel-last-child\" data-index=\"5\" ><div\n\t\t\t\n\t\t\tclass=\"so-widget-ndm-btn so-widget-ndm-btn-default-d75171398898-311\"\n\t\t\t\n\t\t><a href=\"https:\/\/szemredialapitvany.hu\/en\/board-of-directors\/\" class=\"btn btn-primary\">Read More<\/a><\/div><\/div><\/div><\/div><\/div><\/div>","protected":false},"excerpt":{"rendered":"<p>Our Founders Gabriella \u00e9s Zolt\u00e1n Szemr\u00e9di approached Pannonhalma Archabbey with the idea of creating a foundation&#8230;<\/p>\n","protected":false},"author":2,"featured_media":0,"parent":0,"menu_order":1,"comment_status":"closed","ping_status":"closed","template":"fullwidth.php","meta":[],"_links":{"self":[{"href":"https:\/\/szemredialapitvany.hu\/en\/wp-json\/wp\/v2\/pages\/311"}],"collection":[{"href":"https:\/\/szemredialapitvany.hu\/en\/wp-json\/wp\/v2\/pages"}],"about":[{"href":"https:\/\/szemredialapitvany.hu\/en\/wp-json\/wp\/v2\/types\/page"}],"author":[{"embeddable":true,"href":"https:\/\/szemredialapitvany.hu\/en\/wp-json\/wp\/v2\/users\/2"}],"replies":[{"embeddable":true,"href":"https:\/\/szemredialapitvany.hu\/en\/wp-json\/wp\/v2\/comments?post=311"}],"version-history":[{"count":14,"href":"https:\/\/szemredialapitvany.hu\/en\/wp-json\/wp\/v2\/pages\/311\/revisions"}],"predecessor-version":[{"id":387,"href":"https:\/\/szemredialapitvany.hu\/en\/wp-json\/wp\/v2\/pages\/311\/revisions\/387"}],"wp:attachment":[{"href":"https:\/\/szemredialapitvany.hu\/en\/wp-json\/wp\/v2\/media?parent=311"}],"curies":[{"name":"wp","href":"https:\/\/api.w.org\/{rel}","templated":true}]}}