{"id":322,"date":"2022-08-25T15:13:31","date_gmt":"2022-08-25T13:13:31","guid":{"rendered":"https:\/\/szemredialapitvany.hu\/szemredi-alapitvany\/"},"modified":"2023-02-23T10:23:05","modified_gmt":"2023-02-23T09:23:05","slug":"szemredi-charitable-foundation","status":"publish","type":"page","link":"https:\/\/szemredialapitvany.hu\/en\/szemredi-charitable-foundation\/","title":{"rendered":"Szemr\u00e9di Charitable Foundation"},"content":{"rendered":"<div id=\"pl-322\"  class=\"panel-layout\" ><div id=\"pg-322-0\"  class=\"panel-grid panel-no-style\" ><div id=\"pgc-322-0-0\"  class=\"panel-grid-cell\" ><div id=\"panel-322-0-0-0\" class=\"so-panel widget widget_ndm-paragraph panel-first-child\" data-index=\"0\" ><div\n\t\t\t\n\t\t\tclass=\"so-widget-ndm-paragraph so-widget-ndm-paragraph-default-d75171398898-322\"\n\t\t\t\n\t\t><div class=\"ndm-paragraph ndm-paragraph--full-justify ndm-paragraph--dropcap\"><p>The objectives of the Szemr\u00e9di K\u00f6zhaszn\u00fa Alap\u00edtv\u00e1ny a Pannonhalmi Di\u00e1kok\u00e9rt is to help talented students attend the Pannonhalma Benedictine Roman Catholic School by offering merit and need-based financial aid for students whose parents cannot afford the boarding school expenses. As a result, more deserving students can receive an excellent education, not only academically, but also spiritually, morally, emotionally, and socially. These boys, who might not otherwise have this opportunity, can become productive, well-rounded individuals, with the ability to make a positive impact for the benefit of their country.<\/p>\n<\/div><\/div><\/div><div id=\"panel-322-0-0-1\" class=\"so-panel widget widget_ndm-image\" data-index=\"1\" ><div\n\t\t\t\n\t\t\tclass=\"so-widget-ndm-image so-widget-ndm-image-default-d75171398898-322\"\n\t\t\t\n\t\t><div class=\"ndm-image mb-3 mb-lg-4\"\"><a href=\"\" class=\"ndm-lightbox\"><img src=\"\" alt=\"Szemr\u00e9di Charitable Foundation\"><\/a><\/div><\/div><\/div><div id=\"panel-322-0-0-2\" class=\"so-panel widget widget_ndm-paragraph\" data-index=\"2\" ><div\n\t\t\t\n\t\t\tclass=\"so-widget-ndm-paragraph so-widget-ndm-paragraph-default-d75171398898-322\"\n\t\t\t\n\t\t><div class=\"ndm-paragraph ndm-paragraph--full-justify\"><p>The Pannonhalma Benedictine Roman Catholic educational institution, a prestigious Middle and High School, is one of the oldest schools in Europe. The school is an integral part of the thousand-year-old Pannonhalma Benedictine Archabbey, and it is one of the most distinguished secondary schools in Hungary. It is widely recognized for academic excellence and diverse extracurricular activities. This boarding school for boys accommodates about 340 students who study for either four or six years.<\/p>\n<p>Dr. Zolt\u00e1n Szemr\u00e9di and Gabriella Szemr\u00e9di founded the non-profit, charitable foundation for the students of Pannonhalma in Hungary to assist with the schooling expenses for talented students from financially disadvantaged families.<\/p>\n<\/div><\/div><\/div><div id=\"panel-322-0-0-3\" class=\"so-panel widget widget_ndm-data-row\" data-index=\"3\" ><div\n\t\t\t\n\t\t\tclass=\"so-widget-ndm-data-row so-widget-ndm-data-row-default-d75171398898-322\"\n\t\t\t\n\t\t>\t\t\t<div class=\"ndm-data-row d-flex flex-column flex-md-row align-items-start justify-content-between\">\r\n\t\t\t\t<p class=\"ndm-data-row--name mb-0\">President of the Board:<\/p><p class=\"ndm-data-row--data mb-0\">dr. Juh\u00e1sz-Laczik Tam\u00e1s L\u00e1szl\u00f3<\/p>\t\t\t<\/div>\r\n\t\t\t\t\t<div class=\"ndm-data-row d-flex flex-column flex-md-row align-items-start justify-content-between\">\r\n\t\t\t\t<p class=\"ndm-data-row--name mb-0\">Contact:<\/p><a href=\"mailto:szemredi.alapitvany@osb.hu\" class=\"ndm-data-row--data text-center text-md-end mb-0\">szemredi.alapitvany@osb.hu<\/a>\t\t\t<\/div>\r\n\t\t\t\t\t<div class=\"ndm-data-row d-flex flex-column flex-md-row align-items-start justify-content-between\">\r\n\t\t\t\t<p class=\"ndm-data-row--name mb-0\">Address:<\/p><p class=\"ndm-data-row--data mb-0\">9090 Pannonhalma, V\u00e1r 1.<\/p>\t\t\t<\/div>\r\n\t\t\t\t\t<div class=\"ndm-data-row d-flex flex-column flex-md-row align-items-start justify-content-between\">\r\n\t\t\t\t<p class=\"ndm-data-row--name mb-0\">Registration number:<\/p><p class=\"ndm-data-row--data mb-0\">08-01-0051337<\/p>\t\t\t<\/div>\r\n\t\t\t\t\t<div class=\"ndm-data-row d-flex flex-column flex-md-row align-items-start justify-content-between\">\r\n\t\t\t\t<p class=\"ndm-data-row--name mb-0\">Tax ID:<\/p><p class=\"ndm-data-row--data mb-0\">18628137-1-08<\/p>\t\t\t<\/div>\r\n\t\t\t\t\t<div class=\"ndm-data-row d-flex flex-column flex-md-row align-items-start justify-content-between\">\r\n\t\t\t\t<p class=\"ndm-data-row--name mb-0\">Kioszthat\u00f3 \u00f6sszeg banksz\u00e1mlasz\u00e1ma:<\/p><p class=\"ndm-data-row--data mb-0\">10700031-67962477-51100005<\/p>\t\t\t<\/div>\r\n\t\t\t\t\t<div class=\"ndm-data-row d-flex flex-column flex-md-row align-items-start justify-content-between\">\r\n\t\t\t\t<p class=\"ndm-data-row--name mb-0\">Bank Name &amp; Address:<\/p><p class=\"ndm-data-row--data mb-0\">CIB Bank Zrt., 1027 Budapest, Medve u. 4-14.<\/p>\t\t\t<\/div>\r\n\t\t\t\t\t<div class=\"ndm-data-row d-flex flex-column flex-md-row align-items-start justify-content-between\">\r\n\t\t\t\t<p class=\"ndm-data-row--name mb-0\">SWIFT\/BIC code:<\/p><p class=\"ndm-data-row--data mb-0\">CIBHHUHB<\/p>\t\t\t<\/div>\r\n\t\t\t\t\t<div class=\"ndm-data-row d-flex flex-column flex-md-row align-items-start justify-content-between\">\r\n\t\t\t\t<p class=\"ndm-data-row--name mb-0\">IBAN number of HUF distributable fund account:<\/p><p class=\"ndm-data-row--data mb-0\">HU88-10700031-67962477-51100005<\/p>\t\t\t<\/div>\r\n\t\t\t\t\t<div class=\"ndm-data-row d-flex flex-column flex-md-row align-items-start justify-content-between\">\r\n\t\t\t\t<p class=\"ndm-data-row--name mb-0\">IBAN number of HUF endowment fund account:<\/p><p class=\"ndm-data-row--data mb-0\">HU54-10700031-67962477-52000001<\/p>\t\t\t<\/div>\r\n\t\t\t\t\t<div class=\"ndm-data-row d-flex flex-column flex-md-row align-items-start justify-content-between\">\r\n\t\t\t\t<p class=\"ndm-data-row--name mb-0\">IBAN number of USD endowment fund account:<\/p><p class=\"ndm-data-row--data mb-0\">HU46-10700031-67962477-50000005<\/p>\t\t\t<\/div>\r\n\t\t<\/div><\/div><div id=\"panel-322-0-0-4\" class=\"so-panel widget widget_ndm-image panel-last-child\" data-index=\"4\" ><div\n\t\t\t\n\t\t\tclass=\"so-widget-ndm-image so-widget-ndm-image-default-d75171398898-322\"\n\t\t\t\n\t\t><div class=\"ndm-image mb-0\"><a href=\"\" class=\"ndm-lightbox\"><img src=\"\" alt=\"Szemr\u00e9di Charitable Foundation\"><\/a><\/div><\/div><\/div><\/div><\/div><\/div>","protected":false},"excerpt":{"rendered":"<p>The objectives of the Szemr\u00e9di K\u00f6zhaszn\u00fa Alap\u00edtv\u00e1ny a Pannonhalmi Di\u00e1kok\u00e9rt is to help talented students attend&#8230;<\/p>\n","protected":false},"author":2,"featured_media":0,"parent":0,"menu_order":2,"comment_status":"closed","ping_status":"closed","template":"","meta":[],"_links":{"self":[{"href":"https:\/\/szemredialapitvany.hu\/en\/wp-json\/wp\/v2\/pages\/322"}],"collection":[{"href":"https:\/\/szemredialapitvany.hu\/en\/wp-json\/wp\/v2\/pages"}],"about":[{"href":"https:\/\/szemredialapitvany.hu\/en\/wp-json\/wp\/v2\/types\/page"}],"author":[{"embeddable":true,"href":"https:\/\/szemredialapitvany.hu\/en\/wp-json\/wp\/v2\/users\/2"}],"replies":[{"embeddable":true,"href":"https:\/\/szemredialapitvany.hu\/en\/wp-json\/wp\/v2\/comments?post=322"}],"version-history":[{"count":8,"href":"https:\/\/szemredialapitvany.hu\/en\/wp-json\/wp\/v2\/pages\/322\/revisions"}],"predecessor-version":[{"id":440,"href":"https:\/\/szemredialapitvany.hu\/en\/wp-json\/wp\/v2\/pages\/322\/revisions\/440"}],"wp:attachment":[{"href":"https:\/\/szemredialapitvany.hu\/en\/wp-json\/wp\/v2\/media?parent=322"}],"curies":[{"name":"wp","href":"https:\/\/api.w.org\/{rel}","templated":true}]}}