{"id":337,"date":"2022-08-25T15:14:35","date_gmt":"2022-08-25T13:14:35","guid":{"rendered":"https:\/\/szemredialapitvany.hu\/kuratorium\/"},"modified":"2022-11-25T09:08:50","modified_gmt":"2022-11-25T08:08:50","slug":"board-of-directors","status":"publish","type":"page","link":"https:\/\/szemredialapitvany.hu\/en\/board-of-directors\/","title":{"rendered":"Board of Directors"},"content":{"rendered":"<div id=\"pl-337\"  class=\"panel-layout\" ><div id=\"pg-337-0\"  class=\"panel-grid panel-no-style\" ><div id=\"pgc-337-0-0\"  class=\"panel-grid-cell\" ><div id=\"panel-337-0-0-0\" class=\"so-panel widget widget_sow-editor panel-first-child panel-last-child\" data-index=\"0\" ><div\n\t\t\t\n\t\t\tclass=\"so-widget-sow-editor so-widget-sow-editor-base\"\n\t\t\t\n\t\t>\n<div class=\"siteorigin-widget-tinymce textwidget\">\n\t<p>A six-member Board of Directors manages the foundation. As an additional oversight, a three-member Auditing Board scrutinizes all of the foundation\u2019s financial activities. All board members are professionals in various fields, such as law, medicine, education and financial management. Many are alumni of the school.<\/p>\n<\/div>\n<\/div><\/div><\/div><\/div><div id=\"pg-337-1\"  class=\"panel-grid panel-no-style\" ><div id=\"pgc-337-1-0\"  class=\"panel-grid-cell\" ><div id=\"panel-337-1-0-0\" class=\"so-panel widget widget_ndm-small-title panel-first-child\" data-index=\"1\" ><div\n\t\t\t\n\t\t\tclass=\"so-widget-ndm-small-title so-widget-ndm-small-title-default-d75171398898-337\"\n\t\t\t\n\t\t><h4 class=\"ndm-small-title text-start ndm-color--black mb-2 mb-lg-3\">Board of Directors<\/h4><\/div><\/div><div id=\"panel-337-1-0-1\" class=\"so-panel widget widget_ndm-team panel-last-child\" data-index=\"2\" ><div\n\t\t\t\n\t\t\tclass=\"so-widget-ndm-team so-widget-ndm-team-default-d75171398898-337\"\n\t\t\t\n\t\t><div class=\"row\">\t\t\t<div class=\"col-md-6 col-lg-4\">\r\n\t\t\t\t<div class=\"ndm-team-card p-4 mb-2 mb-md-4\">\r\n\t\t\t\t\t<h6 class=\"mb-0\">dr. Juh\u00e1sz-Laczik Tam\u00e1s L\u00e1szl\u00f3<\/h6><p class=\"mb-0\">chair<\/p>\t\t\t\t<\/div>\r\n\t\t\t<\/div>\r\n\t\t\t\t\t<div class=\"col-md-6 col-lg-4\">\r\n\t\t\t\t<div class=\"ndm-team-card p-4 mb-2 mb-md-4\">\r\n\t\t\t\t\t<h6 class=\"mb-0\">dr. Dejcsics Norbert<\/h6><p class=\"mb-0\">vice-chair<\/p>\t\t\t\t<\/div>\r\n\t\t\t<\/div>\r\n\t\t\t\t\t<div class=\"col-md-6 col-lg-4\">\r\n\t\t\t\t<div class=\"ndm-team-card p-4 mb-2 mb-md-4\">\r\n\t\t\t\t\t<h6 class=\"mb-0\">T\u00f6lgyesi Zolt\u00e1n B\u00e9la<\/h6><p class=\"mb-0\">secretary<\/p>\t\t\t\t<\/div>\r\n\t\t\t<\/div>\r\n\t\t\t\t\t<div class=\"col-md-6 col-lg-4\">\r\n\t\t\t\t<div class=\"ndm-team-card p-4 mb-2 mb-md-4\">\r\n\t\t\t\t\t<h6 class=\"mb-0\">Borka Bal\u00e1zs<\/h6><p class=\"mb-0\">board member<\/p>\t\t\t\t<\/div>\r\n\t\t\t<\/div>\r\n\t\t\t\t\t<div class=\"col-md-6 col-lg-4\">\r\n\t\t\t\t<div class=\"ndm-team-card p-4 mb-2 mb-md-4\">\r\n\t\t\t\t\t<h6 class=\"mb-0\">Radimeczky G\u00e9za Tam\u00e1s<\/h6><p class=\"mb-0\">board member<\/p>\t\t\t\t<\/div>\r\n\t\t\t<\/div>\r\n\t\t\t\t\t<div class=\"col-md-6 col-lg-4\">\r\n\t\t\t\t<div class=\"ndm-team-card p-4 mb-2 mb-md-4\">\r\n\t\t\t\t\t<h6 class=\"mb-0\">Hegyi L\u00e1szl\u00f3<\/h6><p class=\"mb-0\">board member<\/p>\t\t\t\t<\/div>\r\n\t\t\t<\/div>\r\n\t\t<\/div><\/div><\/div><\/div><\/div><div id=\"pg-337-2\"  class=\"panel-grid panel-no-style\" ><div id=\"pgc-337-2-0\"  class=\"panel-grid-cell\" ><div id=\"panel-337-2-0-0\" class=\"so-panel widget widget_ndm-small-title panel-first-child\" data-index=\"3\" ><div\n\t\t\t\n\t\t\tclass=\"so-widget-ndm-small-title so-widget-ndm-small-title-default-d75171398898-337\"\n\t\t\t\n\t\t><h4 class=\"ndm-small-title text-start ndm-color--black mb-2 mb-lg-3\">Auditing Board<\/h4><\/div><\/div><div id=\"panel-337-2-0-1\" class=\"so-panel widget widget_ndm-team panel-last-child\" data-index=\"4\" ><div\n\t\t\t\n\t\t\tclass=\"so-widget-ndm-team so-widget-ndm-team-default-d75171398898-337\"\n\t\t\t\n\t\t><div class=\"row\">\t\t\t<div class=\"col-md-6 col-lg-4\">\r\n\t\t\t\t<div class=\"ndm-team-card p-4 mb-2 mb-md-4\">\r\n\t\t\t\t\t<h6 class=\"mb-0\">dr. Vars\u00e1nyi Benedek M\u00e1rk<\/h6><p class=\"mb-0\">chair<\/p>\t\t\t\t<\/div>\r\n\t\t\t<\/div>\r\n\t\t\t\t\t<div class=\"col-md-6 col-lg-4\">\r\n\t\t\t\t<div class=\"ndm-team-card p-4 mb-2 mb-md-4\">\r\n\t\t\t\t\t<h6 class=\"mb-0\">dr. Schmal D\u00e1niel<\/h6><p class=\"mb-0\">associate<\/p>\t\t\t\t<\/div>\r\n\t\t\t<\/div>\r\n\t\t\t\t\t<div class=\"col-md-6 col-lg-4\">\r\n\t\t\t\t<div class=\"ndm-team-card p-4 mb-2 mb-md-4\">\r\n\t\t\t\t\t<h6 class=\"mb-0\">dr. Hod\u00e1sz Istv\u00e1n Bal\u00e1zs<\/h6><p class=\"mb-0\">associate<\/p>\t\t\t\t<\/div>\r\n\t\t\t<\/div>\r\n\t\t\t\t\t<div class=\"col-md-6 col-lg-4\">\r\n\t\t\t\t<div class=\"ndm-team-card p-4 mb-2 mb-md-4\">\r\n\t\t\t\t\t<h6 class=\"mb-0\">Kathleen M Burke<\/h6><p class=\"mb-0\">honorary president<\/p>\t\t\t\t<\/div>\r\n\t\t\t<\/div>\r\n\t\t\t\t\t<div class=\"col-md-6 col-lg-4\">\r\n\t\t\t\t<div class=\"ndm-team-card p-4 mb-2 mb-md-4\">\r\n\t\t\t\t\t<h6 class=\"mb-0\">dr. Szemr\u00e9di Zolt\u00e1n<\/h6><p class=\"mb-0\">founder<\/p>\t\t\t\t<\/div>\r\n\t\t\t<\/div>\r\n\t\t<\/div><\/div><\/div><\/div><\/div><div id=\"pg-337-3\"  class=\"panel-grid panel-no-style\" ><div id=\"pgc-337-3-0\"  class=\"panel-grid-cell\" ><div id=\"panel-337-3-0-0\" class=\"so-panel widget widget_ndm-image panel-first-child panel-last-child\" data-index=\"5\" ><div\n\t\t\t\n\t\t\tclass=\"so-widget-ndm-image so-widget-ndm-image-default-d75171398898-337\"\n\t\t\t\n\t\t><div class=\"ndm-image mb-0\"><a href=\"\" class=\"ndm-lightbox\"><img src=\"\"><\/a><\/div><\/div><\/div><\/div><\/div><\/div>","protected":false},"excerpt":{"rendered":"<p>A six-member Board of Directors manages the foundation. As an additional oversight, a three-member Auditing Board&#8230;<\/p>\n","protected":false},"author":2,"featured_media":0,"parent":0,"menu_order":6,"comment_status":"closed","ping_status":"closed","template":"fullwidth.php","meta":[],"_links":{"self":[{"href":"https:\/\/szemredialapitvany.hu\/en\/wp-json\/wp\/v2\/pages\/337"}],"collection":[{"href":"https:\/\/szemredialapitvany.hu\/en\/wp-json\/wp\/v2\/pages"}],"about":[{"href":"https:\/\/szemredialapitvany.hu\/en\/wp-json\/wp\/v2\/types\/page"}],"author":[{"embeddable":true,"href":"https:\/\/szemredialapitvany.hu\/en\/wp-json\/wp\/v2\/users\/2"}],"replies":[{"embeddable":true,"href":"https:\/\/szemredialapitvany.hu\/en\/wp-json\/wp\/v2\/comments?post=337"}],"version-history":[{"count":7,"href":"https:\/\/szemredialapitvany.hu\/en\/wp-json\/wp\/v2\/pages\/337\/revisions"}],"predecessor-version":[{"id":372,"href":"https:\/\/szemredialapitvany.hu\/en\/wp-json\/wp\/v2\/pages\/337\/revisions\/372"}],"wp:attachment":[{"href":"https:\/\/szemredialapitvany.hu\/en\/wp-json\/wp\/v2\/media?parent=337"}],"curies":[{"name":"wp","href":"https:\/\/api.w.org\/{rel}","templated":true}]}}