{"id":341,"date":"2021-05-11T18:34:11","date_gmt":"2021-05-11T16:34:11","guid":{"rendered":"https:\/\/szemredialapitvany.hu\/kapcsolat\/"},"modified":"2022-11-25T09:05:57","modified_gmt":"2022-11-25T08:05:57","slug":"contact","status":"publish","type":"page","link":"https:\/\/szemredialapitvany.hu\/en\/contact\/","title":{"rendered":"Contact"},"content":{"rendered":"<div id=\"pl-341\"  class=\"panel-layout\" ><div id=\"pg-341-0\"  class=\"panel-grid panel-no-style\" ><div id=\"pgc-341-0-0\"  class=\"panel-grid-cell\" ><div id=\"panel-341-0-0-0\" class=\"so-panel widget widget_ndm-small-title panel-first-child\" data-index=\"0\" ><div\n\t\t\t\n\t\t\tclass=\"so-widget-ndm-small-title so-widget-ndm-small-title-default-d75171398898-341\"\n\t\t\t\n\t\t><h4 class=\"ndm-small-title text-start ndm-color--black mb-2 mb-lg-3\">Szemr\u00e9di Charitable Foundation<\/h4><\/div><\/div><div id=\"panel-341-0-0-1\" class=\"so-panel widget widget_sow-editor\" data-index=\"1\" ><div\n\t\t\t\n\t\t\tclass=\"so-widget-sow-editor so-widget-sow-editor-base\"\n\t\t\t\n\t\t>\n<div class=\"siteorigin-widget-tinymce textwidget\">\n\t<p><span data-sheets-value=\"{&quot;1&quot;:2,&quot;2&quot;:&quot;Charities in Hungary must be registered and approved by the court, and they are under strict government supervision. To see the Charity\u2019s Registration in the Hungarian judicial web site: Click on the following link and open the hyperlink: https:\/\/birosag.hu\/civil-szervezetek-nevjegyzeke  \\nIn the first field, next to \u201cSzervezet neve\u201d, type in Szemr\u00e9di, and press enter.  It will display \u201cSzemr\u00e9di K\u00f6zhaszn\u00fa Alap\u00edtv\u00e1ny a Pannonhalmi Di\u00e1kok\u00e9rt\u201d. To see the registration document, (currently available only in Hungarian) double click on the charity\u2019s name.\\n&quot;}\" data-sheets-userformat=\"{&quot;2&quot;:14721,&quot;3&quot;:{&quot;1&quot;:0,&quot;3&quot;:1},&quot;10&quot;:0,&quot;11&quot;:4,&quot;14&quot;:{&quot;1&quot;:3,&quot;3&quot;:1},&quot;15&quot;:&quot;Calibri&quot;,&quot;16&quot;:11}\">Charities in Hungary must be registered and approved by the court, and they are under strict government supervision. To see the Charity\u2019s Registration in the Hungarian judicial web site: Click on the following link and open the hyperlink: <a href=\"https:\/\/birosag.hu\/civil-szervezetek-nevjegyzeke\" target=\"_blank\" rel=\"nofollow noopener\">https:\/\/birosag.hu\/civil-szervezetek-nevjegyzeke<\/a><br \/>\nIn the first field, next to \u201cSzervezet neve\u201d, type in Szemr\u00e9di, and press enter. It will display \u201cSzemr\u00e9di K\u00f6zhaszn\u00fa Alap\u00edtv\u00e1ny a Pannonhalmi Di\u00e1kok\u00e9rt\u201d. To see the registration document, (currently available only in Hungarian) double click on the charity\u2019s name.<br \/>\n<\/span><\/p>\n<\/div>\n<\/div><\/div><div id=\"panel-341-0-0-2\" class=\"so-panel widget widget_ndm-data-row\" data-index=\"2\" ><div\n\t\t\t\n\t\t\tclass=\"so-widget-ndm-data-row so-widget-ndm-data-row-default-d75171398898-341\"\n\t\t\t\n\t\t>\t\t\t<div class=\"ndm-data-row d-flex flex-column flex-md-row align-items-start justify-content-between\">\r\n\t\t\t\t<p class=\"ndm-data-row--name mb-0\">President of the Board:<\/p><p class=\"ndm-data-row--data mb-0\">dr. Juh\u00e1sz-Laczik Tam\u00e1s L\u00e1szl\u00f3<\/p>\t\t\t<\/div>\r\n\t\t\t\t\t<div class=\"ndm-data-row d-flex flex-column flex-md-row align-items-start justify-content-between\">\r\n\t\t\t\t<p class=\"ndm-data-row--name mb-0\">Contact:<\/p><a href=\"mailto:szemredi.alapitvany@osb.hu\" class=\"ndm-data-row--data text-center text-md-end mb-0\">szemredi.alapitvany@osb.hu<\/a>\t\t\t<\/div>\r\n\t\t\t\t\t<div class=\"ndm-data-row d-flex flex-column flex-md-row align-items-start justify-content-between\">\r\n\t\t\t\t<p class=\"ndm-data-row--name mb-0\">Address:<\/p><p class=\"ndm-data-row--data mb-0\">9090 Pannonhalma, V\u00e1r 1.<\/p>\t\t\t<\/div>\r\n\t\t\t\t\t<div class=\"ndm-data-row d-flex flex-column flex-md-row align-items-start justify-content-between\">\r\n\t\t\t\t<p class=\"ndm-data-row--name mb-0\">Registration number:<\/p><p class=\"ndm-data-row--data mb-0\">08-01-0051337<\/p>\t\t\t<\/div>\r\n\t\t\t\t\t<div class=\"ndm-data-row d-flex flex-column flex-md-row align-items-start justify-content-between\">\r\n\t\t\t\t<p class=\"ndm-data-row--name mb-0\">Tax ID:<\/p><p class=\"ndm-data-row--data mb-0\">18628137-1-08<\/p>\t\t\t<\/div>\r\n\t\t\t\t\t<div class=\"ndm-data-row d-flex flex-column flex-md-row align-items-start justify-content-between\">\r\n\t\t\t\t<p class=\"ndm-data-row--name mb-0\">Bank Name &amp; Address:<\/p><p class=\"ndm-data-row--data mb-0\">CIB Bank Zrt., 1027 Budapest, Medve u. 4-14.<\/p>\t\t\t<\/div>\r\n\t\t\t\t\t<div class=\"ndm-data-row d-flex flex-column flex-md-row align-items-start justify-content-between\">\r\n\t\t\t\t<p class=\"ndm-data-row--name mb-0\">SWIFT\/BIC code:<\/p><p class=\"ndm-data-row--data mb-0\">CIBHHUHB<\/p>\t\t\t<\/div>\r\n\t\t\t\t\t<div class=\"ndm-data-row d-flex flex-column flex-md-row align-items-start justify-content-between\">\r\n\t\t\t\t<p class=\"ndm-data-row--name mb-0\">IBAN number of HUF distributable fund account:<\/p><p class=\"ndm-data-row--data mb-0\">HU88-10700031-67962477-51100005<\/p>\t\t\t<\/div>\r\n\t\t\t\t\t<div class=\"ndm-data-row d-flex flex-column flex-md-row align-items-start justify-content-between\">\r\n\t\t\t\t<p class=\"ndm-data-row--name mb-0\">IBAN number of HUF endowment fund account:<\/p><p class=\"ndm-data-row--data mb-0\">HU54-10700031-67962477-52000001<\/p>\t\t\t<\/div>\r\n\t\t\t\t\t<div class=\"ndm-data-row d-flex flex-column flex-md-row align-items-start justify-content-between\">\r\n\t\t\t\t<p class=\"ndm-data-row--name mb-0\">IBAN number of USD endowment fund account:<\/p><p class=\"ndm-data-row--data mb-0\">HU46-10700031-67962477-50000005<\/p>\t\t\t<\/div>\r\n\t\t<\/div><\/div><div id=\"panel-341-0-0-3\" class=\"so-panel widget widget_ndm-image panel-last-child\" data-index=\"3\" ><div\n\t\t\t\n\t\t\tclass=\"so-widget-ndm-image so-widget-ndm-image-default-d75171398898-341\"\n\t\t\t\n\t\t><div class=\"ndm-image mb-0\"><a href=\"https:\/\/szemredialapitvany.hu\/wp-content\/uploads\/2022\/08\/HdA_PH_daily_life_142.jpg\" class=\"ndm-lightbox\"><img src=\"https:\/\/szemredialapitvany.hu\/wp-content\/uploads\/2022\/08\/HdA_PH_daily_life_142.jpg\" alt=\"Szemr\u00e9di Charitable Foundation\"><\/a><\/div><\/div><\/div><\/div><\/div><\/div>","protected":false},"excerpt":{"rendered":"<p>Charities in Hungary must be registered and approved by the court, and they are under strict&#8230;<\/p>\n","protected":false},"author":2,"featured_media":0,"parent":0,"menu_order":7,"comment_status":"closed","ping_status":"closed","template":"","meta":[],"_links":{"self":[{"href":"https:\/\/szemredialapitvany.hu\/en\/wp-json\/wp\/v2\/pages\/341"}],"collection":[{"href":"https:\/\/szemredialapitvany.hu\/en\/wp-json\/wp\/v2\/pages"}],"about":[{"href":"https:\/\/szemredialapitvany.hu\/en\/wp-json\/wp\/v2\/types\/page"}],"author":[{"embeddable":true,"href":"https:\/\/szemredialapitvany.hu\/en\/wp-json\/wp\/v2\/users\/2"}],"replies":[{"embeddable":true,"href":"https:\/\/szemredialapitvany.hu\/en\/wp-json\/wp\/v2\/comments?post=341"}],"version-history":[{"count":9,"href":"https:\/\/szemredialapitvany.hu\/en\/wp-json\/wp\/v2\/pages\/341\/revisions"}],"predecessor-version":[{"id":369,"href":"https:\/\/szemredialapitvany.hu\/en\/wp-json\/wp\/v2\/pages\/341\/revisions\/369"}],"wp:attachment":[{"href":"https:\/\/szemredialapitvany.hu\/en\/wp-json\/wp\/v2\/media?parent=341"}],"curies":[{"name":"wp","href":"https:\/\/api.w.org\/{rel}","templated":true}]}}